{"id":8,"date":"2023-10-13T19:51:40","date_gmt":"2023-10-13T17:51:40","guid":{"rendered":"https:\/\/betify-brasil.com\/?page_id=8"},"modified":"2025-12-11T17:56:02","modified_gmt":"2025-12-11T16:56:02","slug":"inscricao","status":"publish","type":"page","link":"https:\/\/betify-brasil.com\/","title":{"rendered":"Inscri\u00e7\u00e3o"},"content":{"rendered":"\t\t<div data-elementor-type=\"wp-page\" data-elementor-id=\"8\" class=\"elementor elementor-8\" data-elementor-post-type=\"page\">\n\t\t\t\t\t\t\t<div class=\"elementor-element elementor-element-2127810 e-flex e-con-boxed e-con e-parent\" data-id=\"2127810\" data-element_type=\"container\" data-settings=\"{&quot;content_width&quot;:&quot;boxed&quot;}\" data-core-v316-plus=\"true\">\n\t\t\t\t\t<div class=\"e-con-inner\">\n\t\t\t\t<div class=\"elementor-element elementor-element-9695c43 elementor-widget elementor-widget-image\" data-id=\"9695c43\" data-element_type=\"widget\" data-widget_type=\"image.default\">\n\t\t\t\t<div class=\"elementor-widget-container\">\n\t\t\t<style>\/*! elementor - v3.16.0 - 09-10-2023 *\/\n.elementor-widget-image{text-align:center}.elementor-widget-image a{display:inline-block}.elementor-widget-image a img[src$=\".svg\"]{width:48px}.elementor-widget-image img{vertical-align:middle;display:inline-block}<\/style>\t\t\t\t\t\t\t\t\t\t\t\t\t<a href=\"https:\/\/record.betify.com\/_l4N4mP86oGa3_O3IiMN7EWNd7ZgqdRLk\/1\/\">\n\t\t\t\t\t\t\t<img decoding=\"async\" loading=\"lazy\" width=\"600\" height=\"150\" src=\"https:\/\/betify-brasil.com\/wp-content\/uploads\/2023\/10\/logo-betify.png\" class=\"attachment-large size-large wp-image-20\" alt=\"\" srcset=\"https:\/\/betify-brasil.com\/wp-content\/uploads\/2023\/10\/logo-betify.png 600w, https:\/\/betify-brasil.com\/wp-content\/uploads\/2023\/10\/logo-betify-300x75.png 300w\" sizes=\"(max-width: 600px) 100vw, 600px\" \/>\t\t\t\t\t\t\t\t<\/a>\n\t\t\t\t\t\t\t\t\t\t\t\t\t\t\t<\/div>\n\t\t\t\t<\/div>\n\t\t\t\t<div class=\"elementor-element elementor-element-e3f9fd0 elementor-widget elementor-widget-text-editor\" data-id=\"e3f9fd0\" data-element_type=\"widget\" data-widget_type=\"text-editor.default\">\n\t\t\t\t<div class=\"elementor-widget-container\">\n\t\t\t<style>\/*! elementor - v3.16.0 - 09-10-2023 *\/\n.elementor-widget-text-editor.elementor-drop-cap-view-stacked .elementor-drop-cap{background-color:#69727d;color:#fff}.elementor-widget-text-editor.elementor-drop-cap-view-framed .elementor-drop-cap{color:#69727d;border:3px solid;background-color:transparent}.elementor-widget-text-editor:not(.elementor-drop-cap-view-default) .elementor-drop-cap{margin-top:8px}.elementor-widget-text-editor:not(.elementor-drop-cap-view-default) .elementor-drop-cap-letter{width:1em;height:1em}.elementor-widget-text-editor .elementor-drop-cap{float:left;text-align:center;line-height:1;font-size:50px}.elementor-widget-text-editor .elementor-drop-cap-letter{display:inline-block}<\/style>\t\t\t\t<p><strong>\ud83c\udf89 Ganhe GR\u00c1TIS at\u00e9 R$500! <br \/><\/strong><strong>com o c\u00f3digo &#8220;LG500&#8221;! \ud83c\udf89<\/strong><\/p>\t\t\t\t\t\t<\/div>\n\t\t\t\t<\/div>\n\t\t\t\t\t<\/div>\n\t\t\t\t<\/div>\n\t\t<div class=\"elementor-element elementor-element-01e4e14 e-flex e-con-boxed e-con e-parent\" data-id=\"01e4e14\" data-element_type=\"container\" data-settings=\"{&quot;content_width&quot;:&quot;boxed&quot;}\" data-core-v316-plus=\"true\">\n\t\t\t\t\t<div class=\"e-con-inner\">\n\t\t<div class=\"elementor-element elementor-element-e9cfabb e-con-full e-flex e-con e-child\" data-id=\"e9cfabb\" data-element_type=\"container\" data-settings=\"{&quot;content_width&quot;:&quot;full&quot;}\">\n\t\t\t\t<div class=\"elementor-element elementor-element-0a7fd3b elementor-align-right elementor-mobile-align-center elementor-widget elementor-widget-button\" data-id=\"0a7fd3b\" data-element_type=\"widget\" data-widget_type=\"button.default\">\n\t\t\t\t<div class=\"elementor-widget-container\">\n\t\t\t\t\t<div class=\"elementor-button-wrapper\">\n\t\t\t<a class=\"elementor-button elementor-button-link elementor-size-lg\" href=\"https:\/\/record.betifypartners.com\/_ldTqeV7TKA6u11z-n_bVh2Nd7ZgqdRLk\/1\/\">\n\t\t\t\t\t\t<span class=\"elementor-button-content-wrapper\">\n\t\t\t\t\t\t<span class=\"elementor-button-text\">Inscri\u00e7\u00e3o<\/span>\n\t\t<\/span>\n\t\t\t\t\t<\/a>\n\t\t<\/div>\n\t\t\t\t<\/div>\n\t\t\t\t<\/div>\n\t\t\t\t<\/div>\n\t\t<div class=\"elementor-element elementor-element-835424d e-con-full e-flex e-con e-child\" data-id=\"835424d\" data-element_type=\"container\" data-settings=\"{&quot;content_width&quot;:&quot;full&quot;}\">\n\t\t\t\t<div class=\"elementor-element elementor-element-c00332a elementor-align-left elementor-mobile-align-center elementor-widget elementor-widget-button\" data-id=\"c00332a\" data-element_type=\"widget\" data-widget_type=\"button.default\">\n\t\t\t\t<div class=\"elementor-widget-container\">\n\t\t\t\t\t<div class=\"elementor-button-wrapper\">\n\t\t\t<a class=\"elementor-button elementor-button-link elementor-size-lg\" href=\"https:\/\/record.betifypartners.com\/_ldTqeV7TKA6u11z-n_bVh2Nd7ZgqdRLk\/1\/\">\n\t\t\t\t\t\t<span class=\"elementor-button-content-wrapper\">\n\t\t\t\t\t\t<span class=\"elementor-button-text\">Identificar-se<\/span>\n\t\t<\/span>\n\t\t\t\t\t<\/a>\n\t\t<\/div>\n\t\t\t\t<\/div>\n\t\t\t\t<\/div>\n\t\t\t\t<\/div>\n\t\t\t\t\t<\/div>\n\t\t\t\t<\/div>\n\t\t<div class=\"elementor-element elementor-element-4e3c3de e-flex e-con-boxed e-con e-parent\" data-id=\"4e3c3de\" data-element_type=\"container\" data-settings=\"{&quot;content_width&quot;:&quot;boxed&quot;}\" data-core-v316-plus=\"true\">\n\t\t\t\t\t<div class=\"e-con-inner\">\n\t\t\t\t<div class=\"elementor-element elementor-element-88b6fa6 elementor-widget elementor-widget-heading\" data-id=\"88b6fa6\" data-element_type=\"widget\" data-widget_type=\"heading.default\">\n\t\t\t\t<div class=\"elementor-widget-container\">\n\t\t\t<style>\/*! elementor - v3.16.0 - 09-10-2023 *\/\n.elementor-heading-title{padding:0;margin:0;line-height:1}.elementor-widget-heading .elementor-heading-title[class*=elementor-size-]>a{color:inherit;font-size:inherit;line-height:inherit}.elementor-widget-heading .elementor-heading-title.elementor-size-small{font-size:15px}.elementor-widget-heading .elementor-heading-title.elementor-size-medium{font-size:19px}.elementor-widget-heading .elementor-heading-title.elementor-size-large{font-size:29px}.elementor-widget-heading .elementor-heading-title.elementor-size-xl{font-size:39px}.elementor-widget-heading .elementor-heading-title.elementor-size-xxl{font-size:59px}<\/style><h2 class=\"elementor-heading-title elementor-size-default\">\ud83d\udca5\ud83d\udd25 OFERTA IMPERD\u00cdVEL! \ud83d\udd25\ud83d\udca5<\/h2>\t\t<\/div>\n\t\t\t\t<\/div>\n\t\t\t\t<div class=\"elementor-element elementor-element-4147257 elementor-widget elementor-widget-text-editor\" data-id=\"4147257\" data-element_type=\"widget\" data-widget_type=\"text-editor.default\">\n\t\t\t\t<div class=\"elementor-widget-container\">\n\t\t\t\t\t\t\t<p><strong>\ud83c\udf89 Ganhe GR\u00c1TIS at\u00e9 R$500! \ud83c\udf89<\/strong><\/p><p>Como? \u00c9 simples!<\/p><p>Deposite at\u00e9 R$1000 e receba 50% A MAIS na sua conta usando o c\u00f3digo promocional &#8220;<strong>LG500<\/strong>&#8220;! N\u00e3o perca essa oportunidade \u00fanica! \ud83d\udcb0\ud83d\ude80<\/p>\t\t\t\t\t\t<\/div>\n\t\t\t\t<\/div>\n\t\t\t\t<div class=\"elementor-element elementor-element-e6f014d elementor-align-center elementor-widget elementor-widget-button\" data-id=\"e6f014d\" data-element_type=\"widget\" data-widget_type=\"button.default\">\n\t\t\t\t<div class=\"elementor-widget-container\">\n\t\t\t\t\t<div class=\"elementor-button-wrapper\">\n\t\t\t<a class=\"elementor-button elementor-button-link elementor-size-lg\" href=\"https:\/\/record.betifypartners.com\/_ldTqeV7TKA6u11z-n_bVh2Nd7ZgqdRLk\/1\/\">\n\t\t\t\t\t\t<span class=\"elementor-button-content-wrapper\">\n\t\t\t\t\t\t<span class=\"elementor-button-text\">Use meu c\u00f3digo promocional \"LG500\".<\/span>\n\t\t<\/span>\n\t\t\t\t\t<\/a>\n\t\t<\/div>\n\t\t\t\t<\/div>\n\t\t\t\t<\/div>\n\t\t\t\t\t<\/div>\n\t\t\t\t<\/div>\n\t\t<div class=\"elementor-element elementor-element-bd5db86 e-flex e-con-boxed e-con e-parent\" data-id=\"bd5db86\" data-element_type=\"container\" data-settings=\"{&quot;content_width&quot;:&quot;boxed&quot;}\" data-core-v316-plus=\"true\">\n\t\t\t\t\t<div class=\"e-con-inner\">\n\t\t<div class=\"elementor-element elementor-element-22aa943 e-con-full e-flex e-con e-child\" data-id=\"22aa943\" data-element_type=\"container\" data-settings=\"{&quot;content_width&quot;:&quot;full&quot;}\">\n\t\t\t\t<div class=\"elementor-element elementor-element-40e715b elementor-widget elementor-widget-image\" data-id=\"40e715b\" data-element_type=\"widget\" data-widget_type=\"image.default\">\n\t\t\t\t<div class=\"elementor-widget-container\">\n\t\t\t\t\t\t\t\t\t\t\t\t\t\t\t\t<a href=\"https:\/\/record.betify.com\/_l4N4mP86oGa3_O3IiMN7EWNd7ZgqdRLk\/1\/\">\n\t\t\t\t\t\t\t<img decoding=\"async\" loading=\"lazy\" width=\"800\" height=\"800\" src=\"https:\/\/betify-brasil.com\/wp-content\/uploads\/2023\/10\/DALL\u00b7E-2023-10-13-20.00.09-Photo-of-a-bustling-casino-interior-with-slot-machines-and-gaming-tables-with-the-Brazilian-flag-hanging-prominently-and-patrons-enjoying-themselves.png\" class=\"attachment-large size-large wp-image-27\" alt=\"\" srcset=\"https:\/\/betify-brasil.com\/wp-content\/uploads\/2023\/10\/DALL\u00b7E-2023-10-13-20.00.09-Photo-of-a-bustling-casino-interior-with-slot-machines-and-gaming-tables-with-the-Brazilian-flag-hanging-prominently-and-patrons-enjoying-themselves.png 1024w, https:\/\/betify-brasil.com\/wp-content\/uploads\/2023\/10\/DALL\u00b7E-2023-10-13-20.00.09-Photo-of-a-bustling-casino-interior-with-slot-machines-and-gaming-tables-with-the-Brazilian-flag-hanging-prominently-and-patrons-enjoying-themselves-300x300.png 300w, https:\/\/betify-brasil.com\/wp-content\/uploads\/2023\/10\/DALL\u00b7E-2023-10-13-20.00.09-Photo-of-a-bustling-casino-interior-with-slot-machines-and-gaming-tables-with-the-Brazilian-flag-hanging-prominently-and-patrons-enjoying-themselves-150x150.png 150w, https:\/\/betify-brasil.com\/wp-content\/uploads\/2023\/10\/DALL\u00b7E-2023-10-13-20.00.09-Photo-of-a-bustling-casino-interior-with-slot-machines-and-gaming-tables-with-the-Brazilian-flag-hanging-prominently-and-patrons-enjoying-themselves-768x768.png 768w\" sizes=\"(max-width: 800px) 100vw, 800px\" \/>\t\t\t\t\t\t\t\t<\/a>\n\t\t\t\t\t\t\t\t\t\t\t\t\t\t\t<\/div>\n\t\t\t\t<\/div>\n\t\t\t\t<div class=\"elementor-element elementor-element-970596a elementor-widget elementor-widget-heading\" data-id=\"970596a\" data-element_type=\"widget\" data-widget_type=\"heading.default\">\n\t\t\t\t<div class=\"elementor-widget-container\">\n\t\t\t<h2 class=\"elementor-heading-title elementor-size-default\">+ 10.000 jogos<\/h2>\t\t<\/div>\n\t\t\t\t<\/div>\n\t\t\t\t<\/div>\n\t\t<div class=\"elementor-element elementor-element-8232863 e-con-full e-flex e-con e-child\" data-id=\"8232863\" data-element_type=\"container\" data-settings=\"{&quot;content_width&quot;:&quot;full&quot;}\">\n\t\t\t\t<div class=\"elementor-element elementor-element-d029feb elementor-widget elementor-widget-image\" data-id=\"d029feb\" data-element_type=\"widget\" data-widget_type=\"image.default\">\n\t\t\t\t<div class=\"elementor-widget-container\">\n\t\t\t\t\t\t\t\t\t\t\t\t\t\t\t\t<a href=\"https:\/\/record.betify.com\/_l4N4mP86oGa3_O3IiMN7EWNd7ZgqdRLk\/1\/\">\n\t\t\t\t\t\t\t<img decoding=\"async\" loading=\"lazy\" width=\"800\" height=\"800\" src=\"https:\/\/betify-brasil.com\/wp-content\/uploads\/2023\/10\/DALL\u00b7E-2023-10-13-19.59.13-Vector-design-of-a-pair-of-football-boots-with-the-colors-and-design-of-the-Brazilian-flag-placed-next-to-a-football-with-Selecao-Brasileira-writte.png\" class=\"attachment-large size-large wp-image-26\" alt=\"\" srcset=\"https:\/\/betify-brasil.com\/wp-content\/uploads\/2023\/10\/DALL\u00b7E-2023-10-13-19.59.13-Vector-design-of-a-pair-of-football-boots-with-the-colors-and-design-of-the-Brazilian-flag-placed-next-to-a-football-with-Selecao-Brasileira-writte.png 1024w, https:\/\/betify-brasil.com\/wp-content\/uploads\/2023\/10\/DALL\u00b7E-2023-10-13-19.59.13-Vector-design-of-a-pair-of-football-boots-with-the-colors-and-design-of-the-Brazilian-flag-placed-next-to-a-football-with-Selecao-Brasileira-writte-300x300.png 300w, https:\/\/betify-brasil.com\/wp-content\/uploads\/2023\/10\/DALL\u00b7E-2023-10-13-19.59.13-Vector-design-of-a-pair-of-football-boots-with-the-colors-and-design-of-the-Brazilian-flag-placed-next-to-a-football-with-Selecao-Brasileira-writte-150x150.png 150w, https:\/\/betify-brasil.com\/wp-content\/uploads\/2023\/10\/DALL\u00b7E-2023-10-13-19.59.13-Vector-design-of-a-pair-of-football-boots-with-the-colors-and-design-of-the-Brazilian-flag-placed-next-to-a-football-with-Selecao-Brasileira-writte-768x768.png 768w\" sizes=\"(max-width: 800px) 100vw, 800px\" \/>\t\t\t\t\t\t\t\t<\/a>\n\t\t\t\t\t\t\t\t\t\t\t\t\t\t\t<\/div>\n\t\t\t\t<\/div>\n\t\t\t\t<div class=\"elementor-element elementor-element-03f7362 elementor-widget elementor-widget-heading\" data-id=\"03f7362\" data-element_type=\"widget\" data-widget_type=\"heading.default\">\n\t\t\t\t<div class=\"elementor-widget-container\">\n\t\t\t<h2 class=\"elementor-heading-title elementor-size-default\">Apoie seu time favorito!<\/h2>\t\t<\/div>\n\t\t\t\t<\/div>\n\t\t\t\t<\/div>\n\t\t\t\t\t<\/div>\n\t\t\t\t<\/div>\n\t\t<div class=\"elementor-element elementor-element-00ac84b e-flex e-con-boxed e-con e-parent\" data-id=\"00ac84b\" data-element_type=\"container\" data-settings=\"{&quot;content_width&quot;:&quot;boxed&quot;}\" data-core-v316-plus=\"true\">\n\t\t\t\t\t<div class=\"e-con-inner\">\n\t\t\t\t<div class=\"elementor-element elementor-element-ce6d3c7 elementor-widget elementor-widget-text-editor\" data-id=\"ce6d3c7\" data-element_type=\"widget\" data-widget_type=\"text-editor.default\">\n\t\t\t\t<div class=\"elementor-widget-container\">\n\t\t\t\t\t\t\t<p><strong>\ud83d\udca5\ud83c\udfb2 Bem-vindo ao nosso CASINO PREMIUM! \ud83c\udfb2\ud83d\udca5<\/strong><\/p><p>\ud83e\udd4a Com o nosso PARCEIRO OFICIAL, o lend\u00e1rio<strong> Floyd Mayweather<\/strong>, garantimos a voc\u00ea uma experi\u00eancia de jogo de primeira classe!<\/p><p>\ud83d\udd12 <strong>SEGURAN\u00c7A GARANTIDA<\/strong>: Jogue com total confian\u00e7a, sabendo que sua seguran\u00e7a \u00e9 nossa prioridade m\u00e1xima.<\/p><p>\u26a1 <strong>RETIRADAS R\u00c1PIDAS<\/strong>: Ganhou? Saque rapidamente! N\u00f3s garantimos processamento \u00e1gil para que voc\u00ea tenha seu dinheiro em m\u00e3os em tempo recorde.<\/p><p>\ud83c\udf1f <strong>EXPERI\u00caNCIA VIP<\/strong>: Desfrute de jogos de alta qualidade, promo\u00e7\u00f5es exclusivas e atendimento ao cliente de primeira linha.<\/p><p>N\u00e3o perca a chance de jogar no melhor e mais confi\u00e1vel casino do mercado! \ud83d\ude80\ud83c\udfb0<\/p>\t\t\t\t\t\t<\/div>\n\t\t\t\t<\/div>\n\t\t\t\t\t<\/div>\n\t\t\t\t<\/div>\n\t\t\t\t\t\t\t<\/div>\n\t\t","protected":false},"excerpt":{"rendered":"<p>\ud83c\udf89 Ganhe GR\u00c1TIS at\u00e9 R$500! com o c\u00f3digo &#8220;LG500&#8221;! \ud83c\udf89 Inscri\u00e7\u00e3o Identificar-se \ud83d\udca5\ud83d\udd25 OFERTA IMPERD\u00cdVEL! \ud83d\udd25\ud83d\udca5 \ud83c\udf89 Ganhe GR\u00c1TIS at\u00e9 R$500! \ud83c\udf89 Como? \u00c9 simples! Deposite at\u00e9 R$1000 e receba 50% A MAIS na sua conta usando o c\u00f3digo promocional &#8220;LG500&#8220;! N\u00e3o perca essa oportunidade \u00fanica! \ud83d\udcb0\ud83d\ude80 Use meu c\u00f3digo promocional &#8220;LG500&#8221;. + 10.000 jogos [&hellip;]<\/p>\n","protected":false},"author":1,"featured_media":0,"parent":0,"menu_order":0,"comment_status":"closed","ping_status":"closed","template":"elementor_header_footer","meta":{"footnotes":""},"_links":{"self":[{"href":"https:\/\/betify-brasil.com\/index.php\/wp-json\/wp\/v2\/pages\/8"}],"collection":[{"href":"https:\/\/betify-brasil.com\/index.php\/wp-json\/wp\/v2\/pages"}],"about":[{"href":"https:\/\/betify-brasil.com\/index.php\/wp-json\/wp\/v2\/types\/page"}],"author":[{"embeddable":true,"href":"https:\/\/betify-brasil.com\/index.php\/wp-json\/wp\/v2\/users\/1"}],"replies":[{"embeddable":true,"href":"https:\/\/betify-brasil.com\/index.php\/wp-json\/wp\/v2\/comments?post=8"}],"version-history":[{"count":28,"href":"https:\/\/betify-brasil.com\/index.php\/wp-json\/wp\/v2\/pages\/8\/revisions"}],"predecessor-version":[{"id":73,"href":"https:\/\/betify-brasil.com\/index.php\/wp-json\/wp\/v2\/pages\/8\/revisions\/73"}],"wp:attachment":[{"href":"https:\/\/betify-brasil.com\/index.php\/wp-json\/wp\/v2\/media?parent=8"}],"curies":[{"name":"wp","href":"https:\/\/api.w.org\/{rel}","templated":true}]}}